{"id":1003,"date":"2023-03-06T17:16:04","date_gmt":"2023-03-06T17:16:04","guid":{"rendered":"https:\/\/bodasyalquileres.com\/?page_id=1003"},"modified":"2024-06-20T00:46:09","modified_gmt":"2024-06-20T00:46:09","slug":"cordinacion-de-eventos-en-bogota","status":"publish","type":"page","link":"https:\/\/bodasyalquileres.com\/index.php\/cordinacion-de-eventos-en-bogota\/","title":{"rendered":"Cordinaci\u00f3n de eventos"},"content":{"rendered":"<section class=\"wpb-content-wrapper\"><p>[vc_row equal_height=&#8221;yes&#8221; content_placement=&#8221;middle&#8221; uniqid=&#8221;5c99cd717f62c&#8221;][vc_column width=&#8221;1\/2&#8243;][vc_column_text css=&#8221;.vc_custom_1678122863205{margin-top: 10px !important;}&#8221;]<img decoding=\"async\" class=\"aligncenter wp-image-1004 size-large\" src=\"https:\/\/bodasyalquileres.com\/wp-content\/uploads\/2023\/03\/WhatsApp-Image-2022-06-08-at-1.03.15-PM-2-768x1024.jpeg\" alt=\"\" width=\"768\" height=\"1024\" srcset=\"https:\/\/bodasyalquileres.com\/wp-content\/uploads\/2023\/03\/WhatsApp-Image-2022-06-08-at-1.03.15-PM-2-768x1024.jpeg 768w, https:\/\/bodasyalquileres.com\/wp-content\/uploads\/2023\/03\/WhatsApp-Image-2022-06-08-at-1.03.15-PM-2-225x300.jpeg 225w, https:\/\/bodasyalquileres.com\/wp-content\/uploads\/2023\/03\/WhatsApp-Image-2022-06-08-at-1.03.15-PM-2-1152x1536.jpeg 1152w, https:\/\/bodasyalquileres.com\/wp-content\/uploads\/2023\/03\/WhatsApp-Image-2022-06-08-at-1.03.15-PM-2.jpeg 1200w\" sizes=\"(max-width: 768px) 100vw, 768px\" \/>[\/vc_column_text][\/vc_column][vc_column width=&#8221;1\/2&#8243;]      <div class=\"heading-block heading-5c99cd7d59d6e tal h-h5\">\n                  <div class=\"sub-h\">\u00bfNo tienes idea de como decorar tu evento?<\/div>\n                  <h5 class=\"h\">Nosotros te asesoramos y coordinamos tu d\u00eda especial. <\/h5>\n              <\/div>\n    [vc_column_text]Nuestra intenci\u00f3n es brindar todo lo que necesiten de forma integral, garantizando innovaci\u00f3n y profesionalismo.<\/p>\n<blockquote style=\"display:block;overflow:hidden;height:1px;width:1px;\"><p>Este art\u00edculo menciona tus <a href=\"https:\/\/www.high-endrolex.com\/\">hats<\/a> favoritos a precios s\u00faper bajos. Elija entre entrega el mismo d\u00eda, entrega desde el veh\u00edculo o recogida de pedidos.<\/p><\/blockquote>\n<p>Los servicios que ofrecemos son:<\/p>\n<ul>\n<li>Banquete<\/li>\n<li>Decoraci\u00f3n<\/li>\n<li>Ambientaci\u00f3n<\/li>\n<li>Invitaciones<\/li>\n<li>Recordatorios<\/li>\n<li>Fotograf\u00eda y video<\/li>\n<li>M\u00fasica y animaci\u00f3n<\/li>\n<li>Sonido e iluminaci\u00f3n<\/li>\n<\/ul>\n<p>[\/vc_column_text][vc_column_text][\/vc_column_text][\/vc_column][\/vc_row]<\/p>\n<\/section>","protected":false},"excerpt":{"rendered":"<p>[vc_row equal_height=&#8221;yes&#8221; content_placement=&#8221;middle&#8221; uniqid=&#8221;5c99cd717f62c&#8221;][vc_column width=&#8221;1\/2&#8243;][vc_column_text css=&#8221;.vc_custom_1678122863205{margin-top: 10px !important;}&#8221;][\/vc_column_text][\/vc_column][vc_column width=&#8221;1\/2&#8243;][vc_column_text]Nuestra intenci\u00f3n es brindar todo lo que necesiten de forma integral, garantizando innovaci\u00f3n y profesionalismo. Este art\u00edculo menciona tus hats favoritos a precios s\u00faper bajos. Elija entre entrega el mismo d\u00eda, entrega desde el veh\u00edculo o recogida de pedidos. Los servicios que ofrecemos son: Banquete Decoraci\u00f3n Ambientaci\u00f3n [&hellip;]<\/p>\n","protected":false},"author":1,"featured_media":0,"parent":0,"menu_order":0,"comment_status":"closed","ping_status":"closed","template":"template-landing.php","meta":{"_acf_changed":false,"footnotes":""},"class_list":["post-1003","page","type-page","status-publish","hentry"],"acf":[],"aioseo_notices":[],"_links":{"self":[{"href":"https:\/\/bodasyalquileres.com\/index.php\/wp-json\/wp\/v2\/pages\/1003","targetHints":{"allow":["GET"]}}],"collection":[{"href":"https:\/\/bodasyalquileres.com\/index.php\/wp-json\/wp\/v2\/pages"}],"about":[{"href":"https:\/\/bodasyalquileres.com\/index.php\/wp-json\/wp\/v2\/types\/page"}],"author":[{"embeddable":true,"href":"https:\/\/bodasyalquileres.com\/index.php\/wp-json\/wp\/v2\/users\/1"}],"replies":[{"embeddable":true,"href":"https:\/\/bodasyalquileres.com\/index.php\/wp-json\/wp\/v2\/comments?post=1003"}],"version-history":[{"count":2,"href":"https:\/\/bodasyalquileres.com\/index.php\/wp-json\/wp\/v2\/pages\/1003\/revisions"}],"predecessor-version":[{"id":1508,"href":"https:\/\/bodasyalquileres.com\/index.php\/wp-json\/wp\/v2\/pages\/1003\/revisions\/1508"}],"wp:attachment":[{"href":"https:\/\/bodasyalquileres.com\/index.php\/wp-json\/wp\/v2\/media?parent=1003"}],"curies":[{"name":"wp","href":"https:\/\/api.w.org\/{rel}","templated":true}]}}