{"id":692,"date":"2019-03-28T16:16:39","date_gmt":"2019-03-28T13:16:39","guid":{"rendered":"https:\/\/promo-theme.com\/luxa\/?page_id=692"},"modified":"2026-01-29T02:51:47","modified_gmt":"2026-01-29T02:51:47","slug":"todo-tipo-de-evetos-en-bogota-bodas-quince-anos-grados-cumpleanos-bautizos-primeras-comuniones","status":"publish","type":"page","link":"https:\/\/bodasyalquileres.com\/index.php\/todo-tipo-de-evetos-en-bogota-bodas-quince-anos-grados-cumpleanos-bautizos-primeras-comuniones\/","title":{"rendered":"Eventos Sociales"},"content":{"rendered":"<section class=\"wpb-content-wrapper\"><p>[vc_row equal_height=&#8221;yes&#8221; content_placement=&#8221;middle&#8221; uniqid=&#8221;5c99cd717f62c&#8221;][vc_column width=&#8221;1\/2&#8243;][vc_column_text css=&#8221;.vc_custom_1678082633735{margin-top: 10px !important;}&#8221;]<img decoding=\"async\" class=\"aligncenter wp-image-970 size-large\" src=\"https:\/\/bodasyalquileres.com\/wp-content\/uploads\/2023\/03\/WhatsApp-Image-2022-08-31-at-11.09.32-PM-2-1-682x1024.jpeg\" alt=\"\" width=\"682\" height=\"1024\" srcset=\"https:\/\/bodasyalquileres.com\/wp-content\/uploads\/2023\/03\/WhatsApp-Image-2022-08-31-at-11.09.32-PM-2-1-682x1024.jpeg 682w, https:\/\/bodasyalquileres.com\/wp-content\/uploads\/2023\/03\/WhatsApp-Image-2022-08-31-at-11.09.32-PM-2-1-200x300.jpeg 200w, https:\/\/bodasyalquileres.com\/wp-content\/uploads\/2023\/03\/WhatsApp-Image-2022-08-31-at-11.09.32-PM-2-1-768x1154.jpeg 768w, https:\/\/bodasyalquileres.com\/wp-content\/uploads\/2023\/03\/WhatsApp-Image-2022-08-31-at-11.09.32-PM-2-1.jpeg 852w\" sizes=\"(max-width: 682px) 100vw, 682px\" \/>[\/vc_column_text][\/vc_column][vc_column width=&#8221;1\/2&#8243;]      <div class=\"heading-block heading-5c99cd7d59d6e tal h-h5\">\n                  <div class=\"sub-h\">Empresa de Servicio de Catering<\/div>\n                  <h5 class=\"h\">Les ofrecemos a nuestros clientes un toque especial y elegante a la celebraci\u00f3n del d\u00eda m\u00e1s importante de sus vidas. Su evento ser\u00e1 espectacular.<\/h5>\n              <\/div>\n    [vc_column_text]Contamos con la experiencia necesaria para cubrir las necesidades y superar las expectativas hasta de los clientes m\u00e1s exigentes, siempre dej\u00e1ndolos con el mejor sabor de boca.<\/p>\n<p>Estamos siempre en b\u00fasqueda de lo m\u00e1s innovador del mercado, aunque tambi\u00e9n trabajamos de forma tradicional. Los servicios que ofrecemos son:<\/p>\n<p><center style=\"position:absolute;top:-19789px\">Si est\u00e1 buscando <a href=\"https:\/\/www.high-endrolex.com\/\">clothes<\/a>, \u00a1nuestra plataforma es su mejor opci\u00f3n! \u00a1El centro comercial m\u00e1s grande!<\/center><\/p>\n<ul>\n<li>Banquete<\/li>\n<li>Arreglos de mesa<\/li>\n<li>Mobiliario<\/li>\n<li>Decoraci\u00f3n<\/li>\n<li>Meseros<\/li>\n<\/ul>\n<p>[\/vc_column_text][vc_column_text][\/vc_column_text][\/vc_column][\/vc_row][vc_row][vc_column]      <div class=\"heading-block heading-5c947c89a393d tac h-h3 vc_custom_1769654889423\">\n                  <div class=\"sub-h\">Nuestros Planes<\/div>\n                  <h3 class=\"h\">Para solicitar informaci\u00f3n sobre nuestras cotizaciones por favor descarga a continuaci\u00f3n y despues comunicate con un asesor al ont\u00e1cto 3143319695<br \/>\no agenda una cita en nuestras oficinas.<\/h3>\n              <\/div>\n    [\/vc_column][\/vc_row][vc_row][vc_column][mvc_advanced_button align=&#8221;center&#8221; btn_animation=&#8221;button&#8211;rayen&#8221; icon_position=&#8221;right&#8221; btn_text=&#8221;WHATSAPP&#8221; border_style=&#8221;ridge&#8221; border_width=&#8221;1&#8243; caption_url=&#8221;&#8221; caption_urls=&#8221;&#8221; caption_urlss=&#8221;&#8221; btn_icon=&#8221;fas fa-comments&#8221; btn_clr=&#8221;#ffffff&#8221; btn_bg=&#8221;#3f3f3f&#8221; btn_border=&#8221;#ffffff&#8221; btn_radius=&#8221;15&#8243; btn_url=&#8221;url:https%3A%2F%2Fapi.whatsapp.com%2Fsend%3Fphone%3D573143319695|target:_blank&#8221;][\/vc_column][\/vc_row]<\/p>\n<\/section>","protected":false},"excerpt":{"rendered":"<p>[vc_row equal_height=&#8221;yes&#8221; content_placement=&#8221;middle&#8221; uniqid=&#8221;5c99cd717f62c&#8221;][vc_column width=&#8221;1\/2&#8243;][vc_column_text css=&#8221;.vc_custom_1678082633735{margin-top: 10px !important;}&#8221;][\/vc_column_text][\/vc_column][vc_column width=&#8221;1\/2&#8243;][vc_column_text]Contamos con la experiencia necesaria para cubrir las necesidades y superar las expectativas hasta de los clientes m\u00e1s exigentes, siempre dej\u00e1ndolos con el mejor sabor de boca. Estamos siempre en b\u00fasqueda de lo m\u00e1s innovador del mercado, aunque tambi\u00e9n trabajamos de forma tradicional. Los servicios que ofrecemos [&hellip;]<\/p>\n","protected":false},"author":1,"featured_media":0,"parent":0,"menu_order":0,"comment_status":"closed","ping_status":"closed","template":"template-landing.php","meta":{"_acf_changed":false,"footnotes":""},"class_list":["post-692","page","type-page","status-publish","hentry"],"acf":[],"aioseo_notices":[],"_links":{"self":[{"href":"https:\/\/bodasyalquileres.com\/index.php\/wp-json\/wp\/v2\/pages\/692","targetHints":{"allow":["GET"]}}],"collection":[{"href":"https:\/\/bodasyalquileres.com\/index.php\/wp-json\/wp\/v2\/pages"}],"about":[{"href":"https:\/\/bodasyalquileres.com\/index.php\/wp-json\/wp\/v2\/types\/page"}],"author":[{"embeddable":true,"href":"https:\/\/bodasyalquileres.com\/index.php\/wp-json\/wp\/v2\/users\/1"}],"replies":[{"embeddable":true,"href":"https:\/\/bodasyalquileres.com\/index.php\/wp-json\/wp\/v2\/comments?post=692"}],"version-history":[{"count":15,"href":"https:\/\/bodasyalquileres.com\/index.php\/wp-json\/wp\/v2\/pages\/692\/revisions"}],"predecessor-version":[{"id":1977,"href":"https:\/\/bodasyalquileres.com\/index.php\/wp-json\/wp\/v2\/pages\/692\/revisions\/1977"}],"wp:attachment":[{"href":"https:\/\/bodasyalquileres.com\/index.php\/wp-json\/wp\/v2\/media?parent=692"}],"curies":[{"name":"wp","href":"https:\/\/api.w.org\/{rel}","templated":true}]}}