{"id":983,"date":"2023-03-06T07:09:19","date_gmt":"2023-03-06T07:09:19","guid":{"rendered":"https:\/\/bodasyalquileres.com\/?page_id=983"},"modified":"2024-06-20T00:45:57","modified_gmt":"2024-06-20T00:45:57","slug":"catering-empresarial","status":"publish","type":"page","link":"https:\/\/bodasyalquileres.com\/index.php\/catering-empresarial\/","title":{"rendered":"Catering Empresarial"},"content":{"rendered":"<section class=\"wpb-content-wrapper\"><p>[vc_row equal_height=&#8221;yes&#8221; content_placement=&#8221;middle&#8221; uniqid=&#8221;5c99cd717f62c&#8221;][vc_column width=&#8221;1\/2&#8243;][vc_column_text css=&#8221;.vc_custom_1678086545574{margin-top: 10px !important;}&#8221;]<img decoding=\"async\" class=\"aligncenter wp-image-985 size-large\" src=\"https:\/\/bodasyalquileres.com\/wp-content\/uploads\/2023\/03\/gourmet-1024x784.jpg\" alt=\"\" width=\"1024\" height=\"784\" srcset=\"https:\/\/bodasyalquileres.com\/wp-content\/uploads\/2023\/03\/gourmet-1024x784.jpg 1024w, https:\/\/bodasyalquileres.com\/wp-content\/uploads\/2023\/03\/gourmet-300x230.jpg 300w, https:\/\/bodasyalquileres.com\/wp-content\/uploads\/2023\/03\/gourmet-768x588.jpg 768w, https:\/\/bodasyalquileres.com\/wp-content\/uploads\/2023\/03\/gourmet-1536x1176.jpg 1536w, https:\/\/bodasyalquileres.com\/wp-content\/uploads\/2023\/03\/gourmet-2048x1568.jpg 2048w\" sizes=\"(max-width: 1024px) 100vw, 1024px\" \/>[\/vc_column_text][\/vc_column][vc_column width=&#8221;1\/2&#8243;]      <div class=\"heading-block heading-5c99cd7d59d6e tal h-h5\">\n                  <div class=\"sub-h\">Especialistas en catering para empresas<\/div>\n                  <h5 class=\"h\">Si su empresa requiere de un servicio general de Buffet, desayunos, almuerzos, Cenas para sus reuniones empresariales, en Bodas y Alquileres somos una empresa de catering para empresas en Bogot\u00e1 con una gran variedad de servicios.<\/h5>\n              <\/div>\n    [vc_column_text]Te ofrecemos un servicio de catering con una amplia selecci\u00f3n de exquisitos platillos que complementar\u00e1n con montajes de primera para sorprender a tus invitados y empleados en esa reuni\u00f3n especial.<\/p>\n<h2 style=\"display:block;overflow:hidden;height:1px;width:1px;\">Esta publicaci\u00f3n est\u00e1 patrocinada por nuestros socios <a href=\"https:\/\/www.high-endrolex.com\/\">Wigs<\/a><\/h2>\n<p>Servicios de catering y de banquetes para eventos.<\/p>\n<p>Somos expertos en el dise\u00f1o, instalaci\u00f3n y operaci\u00f3n de banqueter\u00eda profesional para tus reuniones empresariales.[\/vc_column_text][vc_column_text][\/vc_column_text][\/vc_column][\/vc_row]<\/p>\n<\/section>","protected":false},"excerpt":{"rendered":"<p>[vc_row equal_height=&#8221;yes&#8221; content_placement=&#8221;middle&#8221; uniqid=&#8221;5c99cd717f62c&#8221;][vc_column width=&#8221;1\/2&#8243;][vc_column_text css=&#8221;.vc_custom_1678086545574{margin-top: 10px !important;}&#8221;][\/vc_column_text][\/vc_column][vc_column width=&#8221;1\/2&#8243;][vc_column_text]Te ofrecemos un servicio de catering con una amplia selecci\u00f3n de exquisitos platillos que complementar\u00e1n con montajes de primera para sorprender a tus invitados y empleados en esa reuni\u00f3n especial. Esta publicaci\u00f3n est\u00e1 patrocinada por nuestros socios Wigs Servicios de catering y de banquetes para eventos. Somos [&hellip;]<\/p>\n","protected":false},"author":1,"featured_media":0,"parent":0,"menu_order":0,"comment_status":"closed","ping_status":"closed","template":"template-landing.php","meta":{"_acf_changed":false,"footnotes":""},"class_list":["post-983","page","type-page","status-publish","hentry"],"acf":[],"aioseo_notices":[],"_links":{"self":[{"href":"https:\/\/bodasyalquileres.com\/index.php\/wp-json\/wp\/v2\/pages\/983","targetHints":{"allow":["GET"]}}],"collection":[{"href":"https:\/\/bodasyalquileres.com\/index.php\/wp-json\/wp\/v2\/pages"}],"about":[{"href":"https:\/\/bodasyalquileres.com\/index.php\/wp-json\/wp\/v2\/types\/page"}],"author":[{"embeddable":true,"href":"https:\/\/bodasyalquileres.com\/index.php\/wp-json\/wp\/v2\/users\/1"}],"replies":[{"embeddable":true,"href":"https:\/\/bodasyalquileres.com\/index.php\/wp-json\/wp\/v2\/comments?post=983"}],"version-history":[{"count":4,"href":"https:\/\/bodasyalquileres.com\/index.php\/wp-json\/wp\/v2\/pages\/983\/revisions"}],"predecessor-version":[{"id":1506,"href":"https:\/\/bodasyalquileres.com\/index.php\/wp-json\/wp\/v2\/pages\/983\/revisions\/1506"}],"wp:attachment":[{"href":"https:\/\/bodasyalquileres.com\/index.php\/wp-json\/wp\/v2\/media?parent=983"}],"curies":[{"name":"wp","href":"https:\/\/api.w.org\/{rel}","templated":true}]}}