{"id":989,"date":"2023-03-06T07:48:19","date_gmt":"2023-03-06T07:48:19","guid":{"rendered":"https:\/\/bodasyalquileres.com\/?page_id=989"},"modified":"2026-01-29T02:53:07","modified_gmt":"2026-01-29T02:53:07","slug":"catering-gastronomia","status":"publish","type":"page","link":"https:\/\/bodasyalquileres.com\/index.php\/catering-gastronomia\/","title":{"rendered":"Catering Gastronomia"},"content":{"rendered":"<section class=\"wpb-content-wrapper\"><p>[vc_row equal_height=&#8221;yes&#8221; content_placement=&#8221;middle&#8221; uniqid=&#8221;5c99cd717f62c&#8221;][vc_column width=&#8221;1\/2&#8243;][vc_column_text css=&#8221;.vc_custom_1678089026354{margin-top: 10px !important;}&#8221;]<img decoding=\"async\" class=\"aligncenter wp-image-992 size-large\" src=\"https:\/\/bodasyalquileres.com\/wp-content\/uploads\/2023\/03\/WhatsApp-Image-2022-08-31-at-11.09.33-PM-766x1024.jpeg\" alt=\"\" width=\"766\" height=\"1024\" srcset=\"https:\/\/bodasyalquileres.com\/wp-content\/uploads\/2023\/03\/WhatsApp-Image-2022-08-31-at-11.09.33-PM-766x1024.jpeg 766w, https:\/\/bodasyalquileres.com\/wp-content\/uploads\/2023\/03\/WhatsApp-Image-2022-08-31-at-11.09.33-PM-225x300.jpeg 225w, https:\/\/bodasyalquileres.com\/wp-content\/uploads\/2023\/03\/WhatsApp-Image-2022-08-31-at-11.09.33-PM-768x1026.jpeg 768w, https:\/\/bodasyalquileres.com\/wp-content\/uploads\/2023\/03\/WhatsApp-Image-2022-08-31-at-11.09.33-PM.jpeg 958w\" sizes=\"(max-width: 766px) 100vw, 766px\" \/>[\/vc_column_text][\/vc_column][vc_column width=&#8221;1\/2&#8243;]      <div class=\"heading-block heading-5c99cd7d59d6e tal h-h5\">\n                  <div class=\"sub-h\">Profesionales del Servicio<\/div>\n                  <h5 class=\"h\">Banquetes completamente ajustados a las necesidades y caracter\u00edsticas de tu evento. Desde bodas hasta reuniones de alto nivel. Conoce nuestros servicios completos m\u00e1s abajo.<\/h5>\n              <\/div>\n    [vc_column_text]Ser\u00e1s atendido por personal<strong>\u00a0altamente capacitado<\/strong>\u00a0para que\u00a0<strong>tu<\/strong>, y\u00a0<strong>tus invitados<\/strong>, disfruten en todo momento.<\/p>\n<p>Platillos del\u00a0<strong>m\u00e1s alto nivel\u00a0<\/strong>para tu evento, dise\u00f1ados por nuestros chefs y\u00a0<strong>personalizados\u00a0<\/strong>para ti.<\/p>\n<p>&nbsp;<\/p>\n<p>&nbsp;[\/vc_column_text][vc_btn title=&#8221;WHATSAPP&#8221; style=&#8221;outline&#8221; align=&#8221;center&#8221; link=&#8221;url:https%3A%2F%2Fapi.whatsapp.com%2Fsend%3Fphone%3D573143319695|target:_blank&#8221;][vc_column_text][\/vc_column_text][\/vc_column][\/vc_row][vc_row][vc_column][vc_column_text]<\/p>\n<p style=\"display:none;\">Como se indica en este art\u00edculo, puede explorar su selecci\u00f3n de ofertas disponibles en tel\u00e9fonos inteligentes y las mejores marcas y explorar los planes de servicio de <a href=\"https:\/\/www.high-endrolex.com\/\">cell phone<\/a> que mejor se adapte a sus necesidades.<\/p>\n<p>[\/vc_column_text][\/vc_column][\/vc_row]<\/p>\n<\/section>","protected":false},"excerpt":{"rendered":"<p>[vc_row equal_height=&#8221;yes&#8221; content_placement=&#8221;middle&#8221; uniqid=&#8221;5c99cd717f62c&#8221;][vc_column width=&#8221;1\/2&#8243;][vc_column_text css=&#8221;.vc_custom_1678089026354{margin-top: 10px !important;}&#8221;][\/vc_column_text][\/vc_column][vc_column width=&#8221;1\/2&#8243;][vc_column_text]Ser\u00e1s atendido por personal\u00a0altamente capacitado\u00a0para que\u00a0tu, y\u00a0tus invitados, disfruten en todo momento. Platillos del\u00a0m\u00e1s alto nivel\u00a0para tu evento, dise\u00f1ados por nuestros chefs y\u00a0personalizados\u00a0para ti. &nbsp; &nbsp;[\/vc_column_text][vc_btn title=&#8221;WHATSAPP&#8221; style=&#8221;outline&#8221; align=&#8221;center&#8221; link=&#8221;url:https%3A%2F%2Fapi.whatsapp.com%2Fsend%3Fphone%3D573143319695|target:_blank&#8221;][vc_column_text][\/vc_column_text][\/vc_column][\/vc_row][vc_row][vc_column][vc_column_text] Como se indica en este art\u00edculo, puede explorar su selecci\u00f3n de ofertas disponibles en tel\u00e9fonos inteligentes y [&hellip;]<\/p>\n","protected":false},"author":1,"featured_media":0,"parent":0,"menu_order":0,"comment_status":"closed","ping_status":"closed","template":"template-landing.php","meta":{"_acf_changed":false,"footnotes":""},"class_list":["post-989","page","type-page","status-publish","hentry"],"acf":[],"aioseo_notices":[],"_links":{"self":[{"href":"https:\/\/bodasyalquileres.com\/index.php\/wp-json\/wp\/v2\/pages\/989","targetHints":{"allow":["GET"]}}],"collection":[{"href":"https:\/\/bodasyalquileres.com\/index.php\/wp-json\/wp\/v2\/pages"}],"about":[{"href":"https:\/\/bodasyalquileres.com\/index.php\/wp-json\/wp\/v2\/types\/page"}],"author":[{"embeddable":true,"href":"https:\/\/bodasyalquileres.com\/index.php\/wp-json\/wp\/v2\/users\/1"}],"replies":[{"embeddable":true,"href":"https:\/\/bodasyalquileres.com\/index.php\/wp-json\/wp\/v2\/comments?post=989"}],"version-history":[{"count":12,"href":"https:\/\/bodasyalquileres.com\/index.php\/wp-json\/wp\/v2\/pages\/989\/revisions"}],"predecessor-version":[{"id":1978,"href":"https:\/\/bodasyalquileres.com\/index.php\/wp-json\/wp\/v2\/pages\/989\/revisions\/1978"}],"wp:attachment":[{"href":"https:\/\/bodasyalquileres.com\/index.php\/wp-json\/wp\/v2\/media?parent=989"}],"curies":[{"name":"wp","href":"https:\/\/api.w.org\/{rel}","templated":true}]}}