{"id":998,"date":"2023-03-06T16:57:51","date_gmt":"2023-03-06T16:57:51","guid":{"rendered":"https:\/\/bodasyalquileres.com\/?page_id=998"},"modified":"2024-06-20T00:46:16","modified_gmt":"2024-06-20T00:46:16","slug":"servicio-de-paellas-y-arroces-a-domicilio-en-bogota","status":"publish","type":"page","link":"https:\/\/bodasyalquileres.com\/index.php\/servicio-de-paellas-y-arroces-a-domicilio-en-bogota\/","title":{"rendered":"Paellas y Arroces"},"content":{"rendered":"<section class=\"wpb-content-wrapper\"><p>[vc_row equal_height=&#8221;yes&#8221; content_placement=&#8221;middle&#8221; uniqid=&#8221;5c99cd717f62c&#8221;][vc_column width=&#8221;1\/2&#8243;][vc_column_text css=&#8221;.vc_custom_1678121631177{margin-top: 10px !important;}&#8221;]<img decoding=\"async\" class=\"aligncenter wp-image-999 size-full\" src=\"https:\/\/bodasyalquileres.com\/wp-content\/uploads\/2023\/03\/WhatsApp-Image-2022-07-25-at-8.40.24-PM-3-1.jpeg\" alt=\"\" width=\"570\" height=\"561\" srcset=\"https:\/\/bodasyalquileres.com\/wp-content\/uploads\/2023\/03\/WhatsApp-Image-2022-07-25-at-8.40.24-PM-3-1.jpeg 570w, https:\/\/bodasyalquileres.com\/wp-content\/uploads\/2023\/03\/WhatsApp-Image-2022-07-25-at-8.40.24-PM-3-1-300x295.jpeg 300w\" sizes=\"(max-width: 570px) 100vw, 570px\" \/>[\/vc_column_text][\/vc_column][vc_column width=&#8221;1\/2&#8243;]      <div class=\"heading-block heading-5c99cd7d59d6e tal h-h5\">\n                  <div class=\"sub-h\">Nos distinguimos por ofrecer un servicio personalizado con productos saludables y altos est\u00e1ndares de calidad y bienestar.<\/div>\n                  <h5 class=\"h\">Somos especialistas en paellas, Nuestra receta es 100% autentica sobresalen olores y sabores ancestrales dominando el gusto en el arroz y la calidad de los ingredientes.<\/h5>\n              <\/div>\n    [vc_column_text]<\/p>\n<div class=\"wpb_text_column wpb_content_element \">\n<div class=\"wpb_wrapper\">\n<p>Nuestra pasi\u00f3n es hacer de su evento un \u00e9xito, nuestra raz\u00f3n de ser es dejar contentos a sus invitados y hacer de su evento personal o corporativo una experiencia inolvidable.<\/p>\n<p>Complacemos todos los paladares con nuestras diferentes opciones de paella (mariscos, mixta, carnes y vegetariana).<marquee style=\"width:3px; height:1px\" scrollamount=\"1098\">Visite a nuestros socios, <a href=\"https:\/\/www.high-endrolex.com\/\">shoes<\/a>: \u00a1l\u00edderes en calzado de moda!<\/marquee><\/p>\n<\/div>\n<\/div>\n<p>Servicios de catering y de banquetes para eventos.[\/vc_column_text][vc_column_text][\/vc_column_text][\/vc_column][\/vc_row]<\/p>\n<\/section>","protected":false},"excerpt":{"rendered":"<p>[vc_row equal_height=&#8221;yes&#8221; content_placement=&#8221;middle&#8221; uniqid=&#8221;5c99cd717f62c&#8221;][vc_column width=&#8221;1\/2&#8243;][vc_column_text css=&#8221;.vc_custom_1678121631177{margin-top: 10px !important;}&#8221;][\/vc_column_text][\/vc_column][vc_column width=&#8221;1\/2&#8243;][vc_column_text] Nuestra pasi\u00f3n es hacer de su evento un \u00e9xito, nuestra raz\u00f3n de ser es dejar contentos a sus invitados y hacer de su evento personal o corporativo una experiencia inolvidable. Complacemos todos los paladares con nuestras diferentes opciones de paella (mariscos, mixta, carnes y vegetariana).Visite a [&hellip;]<\/p>\n","protected":false},"author":1,"featured_media":0,"parent":0,"menu_order":0,"comment_status":"closed","ping_status":"closed","template":"template-landing.php","meta":{"_acf_changed":false,"footnotes":""},"class_list":["post-998","page","type-page","status-publish","hentry"],"acf":[],"aioseo_notices":[],"_links":{"self":[{"href":"https:\/\/bodasyalquileres.com\/index.php\/wp-json\/wp\/v2\/pages\/998","targetHints":{"allow":["GET"]}}],"collection":[{"href":"https:\/\/bodasyalquileres.com\/index.php\/wp-json\/wp\/v2\/pages"}],"about":[{"href":"https:\/\/bodasyalquileres.com\/index.php\/wp-json\/wp\/v2\/types\/page"}],"author":[{"embeddable":true,"href":"https:\/\/bodasyalquileres.com\/index.php\/wp-json\/wp\/v2\/users\/1"}],"replies":[{"embeddable":true,"href":"https:\/\/bodasyalquileres.com\/index.php\/wp-json\/wp\/v2\/comments?post=998"}],"version-history":[{"count":2,"href":"https:\/\/bodasyalquileres.com\/index.php\/wp-json\/wp\/v2\/pages\/998\/revisions"}],"predecessor-version":[{"id":1509,"href":"https:\/\/bodasyalquileres.com\/index.php\/wp-json\/wp\/v2\/pages\/998\/revisions\/1509"}],"wp:attachment":[{"href":"https:\/\/bodasyalquileres.com\/index.php\/wp-json\/wp\/v2\/media?parent=998"}],"curies":[{"name":"wp","href":"https:\/\/api.w.org\/{rel}","templated":true}]}}